{"id":12916,"date":"2022-11-21T11:10:22","date_gmt":"2022-11-21T14:10:22","guid":{"rendered":"https:\/\/new1.mataencantada.com.br\/footer\/"},"modified":"2024-06-01T03:55:41","modified_gmt":"2024-06-01T06:55:41","slug":"footer","status":"publish","type":"page","link":"https:\/\/mataencantada.com.br\/fr\/footer\/","title":{"rendered":"Footer"},"content":{"rendered":"\t\t<div data-elementor-type=\"wp-page\" data-elementor-id=\"12916\" class=\"elementor elementor-12916 elementor-10848\" data-elementor-post-type=\"page\">\n\t\t\t\t<div class=\"elementor-element elementor-element-6c21049 e-flex e-con-boxed e-con e-parent\" data-id=\"6c21049\" data-element_type=\"container\">\n\t\t\t\t\t<div class=\"e-con-inner\">\n\t\t<div class=\"elementor-element elementor-element-2bdf174 e-con-full e-flex e-con e-child\" data-id=\"2bdf174\" data-element_type=\"container\">\n\t\t\t\t<div class=\"elementor-element elementor-element-46a52d7 elementor-widget elementor-widget-heading\" data-id=\"46a52d7\" data-element_type=\"widget\" data-widget_type=\"heading.default\">\n\t\t\t\t<div class=\"elementor-widget-container\">\n\t\t\t<style>\/*! elementor - v3.21.0 - 26-05-2024 *\/\n.elementor-heading-title{padding:0;margin:0;line-height:1}.elementor-widget-heading .elementor-heading-title[class*=elementor-size-]>a{color:inherit;font-size:inherit;line-height:inherit}.elementor-widget-heading .elementor-heading-title.elementor-size-small{font-size:15px}.elementor-widget-heading .elementor-heading-title.elementor-size-medium{font-size:19px}.elementor-widget-heading .elementor-heading-title.elementor-size-large{font-size:29px}.elementor-widget-heading .elementor-heading-title.elementor-size-xl{font-size:39px}.elementor-widget-heading .elementor-heading-title.elementor-size-xxl{font-size:59px}<\/style><h4 class=\"elementor-heading-title elementor-size-default\">Links<\/h4>\t\t<\/div>\n\t\t\t\t<\/div>\n\t\t\t\t<div class=\"elementor-element elementor-element-a53df8e elementor-tablet-align-left elementor-align-left elementor-widget__width-initial elementor-mobile-align-center elementor-icon-list--layout-traditional elementor-list-item-link-full_width elementor-widget elementor-widget-icon-list\" data-id=\"a53df8e\" data-element_type=\"widget\" data-widget_type=\"icon-list.default\">\n\t\t\t\t<div class=\"elementor-widget-container\">\n\t\t\t<link rel=\"stylesheet\" href=\"https:\/\/mataencantada.com.br\/wp-content\/plugins\/elementor\/assets\/css\/widget-icon-list.min.css\">\t\t<ul class=\"elementor-icon-list-items\">\n\t\t\t\t\t\t\t<li class=\"elementor-icon-list-item\">\n\t\t\t\t\t\t\t\t\t\t\t<a href=\"https:\/\/mataencantada.com.br\/termos-e-condicoes\/\">\n\n\t\t\t\t\t\t\t\t\t\t\t<span class=\"elementor-icon-list-text\">CONDITIONS G\u00c9N\u00c9RALES<\/span>\n\t\t\t\t\t\t\t\t\t\t\t<\/a>\n\t\t\t\t\t\t\t\t\t<\/li>\n\t\t\t\t\t\t\t\t<li class=\"elementor-icon-list-item\">\n\t\t\t\t\t\t\t\t\t\t\t<a href=\"https:\/\/mataencantada.com.br\/aviso-legal\/\">\n\n\t\t\t\t\t\t\t\t\t\t\t<span class=\"elementor-icon-list-text\">MENTIONS L\u00c9GALES<\/span>\n\t\t\t\t\t\t\t\t\t\t\t<\/a>\n\t\t\t\t\t\t\t\t\t<\/li>\n\t\t\t\t\t\t<\/ul>\n\t\t\t\t<\/div>\n\t\t\t\t<\/div>\n\t\t\t\t<div class=\"elementor-element elementor-element-e798cee elementor-widget elementor-widget-heading\" data-id=\"e798cee\" data-element_type=\"widget\" data-widget_type=\"heading.default\">\n\t\t\t\t<div class=\"elementor-widget-container\">\n\t\t\t<h4 class=\"elementor-heading-title elementor-size-default\">R\u00e9seaux sociaux<\/h4>\t\t<\/div>\n\t\t\t\t<\/div>\n\t\t\t\t<div class=\"elementor-element elementor-element-78b2375 elementor-shape-square e-grid-align-tablet-center elementor-grid-0 e-grid-align-center elementor-widget elementor-widget-social-icons\" data-id=\"78b2375\" data-element_type=\"widget\" data-widget_type=\"social-icons.default\">\n\t\t\t\t<div class=\"elementor-widget-container\">\n\t\t\t<style>\/*! elementor - v3.21.0 - 26-05-2024 *\/\n.elementor-widget-social-icons.elementor-grid-0 .elementor-widget-container,.elementor-widget-social-icons.elementor-grid-mobile-0 .elementor-widget-container,.elementor-widget-social-icons.elementor-grid-tablet-0 .elementor-widget-container{line-height:1;font-size:0}.elementor-widget-social-icons:not(.elementor-grid-0):not(.elementor-grid-tablet-0):not(.elementor-grid-mobile-0) .elementor-grid{display:inline-grid}.elementor-widget-social-icons .elementor-grid{grid-column-gap:var(--grid-column-gap,5px);grid-row-gap:var(--grid-row-gap,5px);grid-template-columns:var(--grid-template-columns);justify-content:var(--justify-content,center);justify-items:var(--justify-content,center)}.elementor-icon.elementor-social-icon{font-size:var(--icon-size,25px);line-height:var(--icon-size,25px);width:calc(var(--icon-size, 25px) + 2 * var(--icon-padding, .5em));height:calc(var(--icon-size, 25px) + 2 * var(--icon-padding, .5em))}.elementor-social-icon{--e-social-icon-icon-color:#fff;display:inline-flex;background-color:#69727d;align-items:center;justify-content:center;text-align:center;cursor:pointer}.elementor-social-icon i{color:var(--e-social-icon-icon-color)}.elementor-social-icon svg{fill:var(--e-social-icon-icon-color)}.elementor-social-icon:last-child{margin:0}.elementor-social-icon:hover{opacity:.9;color:#fff}.elementor-social-icon-android{background-color:#a4c639}.elementor-social-icon-apple{background-color:#999}.elementor-social-icon-behance{background-color:#1769ff}.elementor-social-icon-bitbucket{background-color:#205081}.elementor-social-icon-codepen{background-color:#000}.elementor-social-icon-delicious{background-color:#39f}.elementor-social-icon-deviantart{background-color:#05cc47}.elementor-social-icon-digg{background-color:#005be2}.elementor-social-icon-dribbble{background-color:#ea4c89}.elementor-social-icon-elementor{background-color:#d30c5c}.elementor-social-icon-envelope{background-color:#ea4335}.elementor-social-icon-facebook,.elementor-social-icon-facebook-f{background-color:#3b5998}.elementor-social-icon-flickr{background-color:#0063dc}.elementor-social-icon-foursquare{background-color:#2d5be3}.elementor-social-icon-free-code-camp,.elementor-social-icon-freecodecamp{background-color:#006400}.elementor-social-icon-github{background-color:#333}.elementor-social-icon-gitlab{background-color:#e24329}.elementor-social-icon-globe{background-color:#69727d}.elementor-social-icon-google-plus,.elementor-social-icon-google-plus-g{background-color:#dd4b39}.elementor-social-icon-houzz{background-color:#7ac142}.elementor-social-icon-instagram{background-color:#262626}.elementor-social-icon-jsfiddle{background-color:#487aa2}.elementor-social-icon-link{background-color:#818a91}.elementor-social-icon-linkedin,.elementor-social-icon-linkedin-in{background-color:#0077b5}.elementor-social-icon-medium{background-color:#00ab6b}.elementor-social-icon-meetup{background-color:#ec1c40}.elementor-social-icon-mixcloud{background-color:#273a4b}.elementor-social-icon-odnoklassniki{background-color:#f4731c}.elementor-social-icon-pinterest{background-color:#bd081c}.elementor-social-icon-product-hunt{background-color:#da552f}.elementor-social-icon-reddit{background-color:#ff4500}.elementor-social-icon-rss{background-color:#f26522}.elementor-social-icon-shopping-cart{background-color:#4caf50}.elementor-social-icon-skype{background-color:#00aff0}.elementor-social-icon-slideshare{background-color:#0077b5}.elementor-social-icon-snapchat{background-color:#fffc00}.elementor-social-icon-soundcloud{background-color:#f80}.elementor-social-icon-spotify{background-color:#2ebd59}.elementor-social-icon-stack-overflow{background-color:#fe7a15}.elementor-social-icon-steam{background-color:#00adee}.elementor-social-icon-stumbleupon{background-color:#eb4924}.elementor-social-icon-telegram{background-color:#2ca5e0}.elementor-social-icon-threads{background-color:#000}.elementor-social-icon-thumb-tack{background-color:#1aa1d8}.elementor-social-icon-tripadvisor{background-color:#589442}.elementor-social-icon-tumblr{background-color:#35465c}.elementor-social-icon-twitch{background-color:#6441a5}.elementor-social-icon-twitter{background-color:#1da1f2}.elementor-social-icon-viber{background-color:#665cac}.elementor-social-icon-vimeo{background-color:#1ab7ea}.elementor-social-icon-vk{background-color:#45668e}.elementor-social-icon-weibo{background-color:#dd2430}.elementor-social-icon-weixin{background-color:#31a918}.elementor-social-icon-whatsapp{background-color:#25d366}.elementor-social-icon-wordpress{background-color:#21759b}.elementor-social-icon-x-twitter{background-color:#000}.elementor-social-icon-xing{background-color:#026466}.elementor-social-icon-yelp{background-color:#af0606}.elementor-social-icon-youtube{background-color:#cd201f}.elementor-social-icon-500px{background-color:#0099e5}.elementor-shape-rounded .elementor-icon.elementor-social-icon{border-radius:10%}.elementor-shape-circle .elementor-icon.elementor-social-icon{border-radius:50%}<\/style>\t\t<div class=\"elementor-social-icons-wrapper elementor-grid\">\n\t\t\t\t\t\t\t<span class=\"elementor-grid-item\">\n\t\t\t\t\t<a class=\"elementor-icon elementor-social-icon elementor-social-icon-instagram elementor-repeater-item-0dbd7f3\" href=\"https:\/\/www.instagram.com\/mataencantada\" target=\"_blank\">\n\t\t\t\t\t\t<span class=\"elementor-screen-only\">Instagram<\/span>\n\t\t\t\t\t\t<i class=\"fab fa-instagram\"><\/i>\t\t\t\t\t<\/a>\n\t\t\t\t<\/span>\n\t\t\t\t\t\t\t<span class=\"elementor-grid-item\">\n\t\t\t\t\t<a class=\"elementor-icon elementor-social-icon elementor-social-icon-facebook-f elementor-repeater-item-972cd43\" href=\"https:\/\/www.facebook.com\/mataencantada\" target=\"_blank\">\n\t\t\t\t\t\t<span class=\"elementor-screen-only\">Facebook-f<\/span>\n\t\t\t\t\t\t<i class=\"fab fa-facebook-f\"><\/i>\t\t\t\t\t<\/a>\n\t\t\t\t<\/span>\n\t\t\t\t\t\t\t<span class=\"elementor-grid-item\">\n\t\t\t\t\t<a class=\"elementor-icon elementor-social-icon elementor-social-icon-youtube elementor-repeater-item-c499b61\" href=\"https:\/\/www.youtube.com\/channel\/UC2fevenJGfAktr3kaRlwoCg\" target=\"_blank\">\n\t\t\t\t\t\t<span class=\"elementor-screen-only\">Youtube<\/span>\n\t\t\t\t\t\t<i class=\"fab fa-youtube\"><\/i>\t\t\t\t\t<\/a>\n\t\t\t\t<\/span>\n\t\t\t\t\t\t\t<span class=\"elementor-grid-item\">\n\t\t\t\t\t<a class=\"elementor-icon elementor-social-icon elementor-social-icon-tripadvisor elementor-repeater-item-75cc8ce\" href=\"https:\/\/www.tripadvisor.com\/Hotel_Review-g3844135-d6434789-Reviews-Village_Mata_Encantada-Santo_Andre_Santa_Cruz_Cabralia_State_of_Bahia.html\" target=\"_blank\">\n\t\t\t\t\t\t<span class=\"elementor-screen-only\">Tripadvisor<\/span>\n\t\t\t\t\t\t<i class=\"fab fa-tripadvisor\"><\/i>\t\t\t\t\t<\/a>\n\t\t\t\t<\/span>\n\t\t\t\t\t<\/div>\n\t\t\t\t<\/div>\n\t\t\t\t<\/div>\n\t\t\t\t<\/div>\n\t\t<div class=\"elementor-element elementor-element-8cab594 e-con-full elementor-hidden-tablet elementor-hidden-mobile e-flex e-con e-child\" data-id=\"8cab594\" data-element_type=\"container\">\n\t\t\t\t<div class=\"elementor-element elementor-element-a5f6dfe elementor-widget elementor-widget-image\" data-id=\"a5f6dfe\" data-element_type=\"widget\" data-widget_type=\"image.default\">\n\t\t\t\t<div class=\"elementor-widget-container\">\n\t\t\t<style>\/*! elementor - v3.21.0 - 26-05-2024 *\/\n.elementor-widget-image{text-align:center}.elementor-widget-image a{display:inline-block}.elementor-widget-image a img[src$=\".svg\"]{width:48px}.elementor-widget-image img{vertical-align:middle;display:inline-block}<\/style>\t\t\t\t\t\t\t\t\t\t<img fetchpriority=\"high\" decoding=\"async\" width=\"512\" height=\"512\" src=\"https:\/\/mataencantada.com.br\/wp-content\/uploads\/2023\/10\/cropped-Logo-ohne-Schrift.png\" class=\"attachment-large size-large wp-image-12776\" alt=\"\" srcset=\"https:\/\/mataencantada.com.br\/wp-content\/uploads\/2023\/10\/cropped-Logo-ohne-Schrift.png 512w, https:\/\/mataencantada.com.br\/wp-content\/uploads\/2023\/10\/cropped-Logo-ohne-Schrift-300x300.png 300w, https:\/\/mataencantada.com.br\/wp-content\/uploads\/2023\/10\/cropped-Logo-ohne-Schrift-150x150.png 150w, https:\/\/mataencantada.com.br\/wp-content\/uploads\/2023\/10\/cropped-Logo-ohne-Schrift-100x100.png 100w, https:\/\/mataencantada.com.br\/wp-content\/uploads\/2023\/10\/cropped-Logo-ohne-Schrift-270x270.png 270w, https:\/\/mataencantada.com.br\/wp-content\/uploads\/2023\/10\/cropped-Logo-ohne-Schrift-192x192.png 192w, https:\/\/mataencantada.com.br\/wp-content\/uploads\/2023\/10\/cropped-Logo-ohne-Schrift-180x180.png 180w, https:\/\/mataencantada.com.br\/wp-content\/uploads\/2023\/10\/cropped-Logo-ohne-Schrift-32x32.png 32w\" sizes=\"(max-width: 512px) 100vw, 512px\" \/>\t\t\t\t\t\t\t\t\t\t\t\t\t<\/div>\n\t\t\t\t<\/div>\n\t\t\t\t<\/div>\n\t\t<div class=\"elementor-element elementor-element-1936a00 e-con-full e-flex e-con e-child\" data-id=\"1936a00\" data-element_type=\"container\">\n\t\t\t\t<div class=\"elementor-element elementor-element-22eb51a elementor-tablet-align-right elementor-align-right elementor-widget__width-initial elementor-mobile-align-center elementor-icon-list--layout-traditional elementor-list-item-link-full_width elementor-widget elementor-widget-icon-list\" data-id=\"22eb51a\" data-element_type=\"widget\" data-widget_type=\"icon-list.default\">\n\t\t\t\t<div class=\"elementor-widget-container\">\n\t\t\t\t\t<ul class=\"elementor-icon-list-items\">\n\t\t\t\t\t\t\t<li class=\"elementor-icon-list-item\">\n\t\t\t\t\t\t\t\t\t\t<span class=\"elementor-icon-list-text\">MATA ENCANTADA - BEACH VILLAGE<\/span>\n\t\t\t\t\t\t\t\t\t<\/li>\n\t\t\t\t\t\t\t\t<li class=\"elementor-icon-list-item\">\n\t\t\t\t\t\t\t\t\t\t<span class=\"elementor-icon-list-text\">BA-001, km 46<\/span>\n\t\t\t\t\t\t\t\t\t<\/li>\n\t\t\t\t\t\t\t\t<li class=\"elementor-icon-list-item\">\n\t\t\t\t\t\t\t\t\t\t<span class=\"elementor-icon-list-text\">Santo Andr\u00e9 - CEP 45807-000<\/span>\n\t\t\t\t\t\t\t\t\t<\/li>\n\t\t\t\t\t\t\t\t<li class=\"elementor-icon-list-item\">\n\t\t\t\t\t\t\t\t\t\t<span class=\"elementor-icon-list-text\">Santa Cruz Cabr\u00e1lia - BA - Br\u00e9sil<\/span>\n\t\t\t\t\t\t\t\t\t<\/li>\n\t\t\t\t\t\t\t\t<li class=\"elementor-icon-list-item\">\n\t\t\t\t\t\t\t\t\t\t\t<a href=\"https:\/\/web.whatsapp.com\/send?phone=+5573991248589&#038;text=\" target=\"_blank\">\n\n\t\t\t\t\t\t\t\t\t\t\t\t<span class=\"elementor-icon-list-icon\">\n\t\t\t\t\t\t\t<i aria-hidden=\"true\" class=\"fab fa-whatsapp\"><\/i>\t\t\t\t\t\t<\/span>\n\t\t\t\t\t\t\t\t\t\t<span class=\"elementor-icon-list-text\">+55 (73) 99124-8589<\/span>\n\t\t\t\t\t\t\t\t\t\t\t<\/a>\n\t\t\t\t\t\t\t\t\t<\/li>\n\t\t\t\t\t\t\t\t<li class=\"elementor-icon-list-item\">\n\t\t\t\t\t\t\t\t\t\t\t<a href=\"https:\/\/web.whatsapp.com\/send?phone=+5573999886464&#038;text=\" target=\"_blank\">\n\n\t\t\t\t\t\t\t\t\t\t\t\t<span class=\"elementor-icon-list-icon\">\n\t\t\t\t\t\t\t<i aria-hidden=\"true\" class=\"fab fa-whatsapp\"><\/i>\t\t\t\t\t\t<\/span>\n\t\t\t\t\t\t\t\t\t\t<span class=\"elementor-icon-list-text\">+55 (73) 99988-6464<\/span>\n\t\t\t\t\t\t\t\t\t\t\t<\/a>\n\t\t\t\t\t\t\t\t\t<\/li>\n\t\t\t\t\t\t\t\t<li class=\"elementor-icon-list-item\">\n\t\t\t\t\t\t\t\t\t\t\t<a href=\"mailto:info@mataencantada.com.br\">\n\n\t\t\t\t\t\t\t\t\t\t\t\t<span class=\"elementor-icon-list-icon\">\n\t\t\t\t\t\t\t<i aria-hidden=\"true\" class=\"far fa-envelope\"><\/i>\t\t\t\t\t\t<\/span>\n\t\t\t\t\t\t\t\t\t\t<span class=\"elementor-icon-list-text\">info@mataencantada.com.br<\/span>\n\t\t\t\t\t\t\t\t\t\t\t<\/a>\n\t\t\t\t\t\t\t\t\t<\/li>\n\t\t\t\t\t\t<\/ul>\n\t\t\t\t<\/div>\n\t\t\t\t<\/div>\n\t\t\t\t<\/div>\n\t\t\t\t\t<\/div>\n\t\t\t\t<\/div>\n\t\t\t\t<section class=\"elementor-section elementor-top-section elementor-element elementor-element-c0784bc elementor-section-stretched elementor-section-boxed elementor-section-height-default elementor-section-height-default\" data-id=\"c0784bc\" data-element_type=\"section\" data-settings=\"{&quot;stretch_section&quot;:&quot;section-stretched&quot;,&quot;background_background&quot;:&quot;classic&quot;}\">\n\t\t\t\t\t\t<div class=\"elementor-container elementor-column-gap-default\">\n\t\t\t\t\t<div class=\"elementor-column elementor-col-100 elementor-top-column elementor-element elementor-element-609662f\" data-id=\"609662f\" data-element_type=\"column\">\n\t\t\t<div class=\"elementor-widget-wrap elementor-element-populated\">\n\t\t\t\t\t\t<div class=\"elementor-element elementor-element-6b62e9b elementor-widget elementor-widget-heading\" data-id=\"6b62e9b\" data-element_type=\"widget\" data-widget_type=\"heading.default\">\n\t\t\t\t<div class=\"elementor-widget-container\">\n\t\t\t<p class=\"elementor-heading-title elementor-size-default\">\u00a9 2024 MATA ENCANTADA - BEACH VILLAGE<\/p>\t\t<\/div>\n\t\t\t\t<\/div>\n\t\t\t\t\t<\/div>\n\t\t<\/div>\n\t\t\t\t\t<\/div>\n\t\t<\/section>\n\t\t\t\t<\/div>\n\t\t","protected":false},"excerpt":{"rendered":"<p>Links CONDITIONS G\u00c9N\u00c9RALES MENTIONS L\u00c9GALES R\u00e9seaux sociaux Instagram Facebook-f Youtube Tripadvisor MATA ENCANTADA &#8211; BEACH VILLAGE BA-001, km 46 Santo Andr\u00e9 &#8211; CEP 45807-000 Santa Cruz Cabr\u00e1lia &#8211; BA &#8211; Br\u00e9sil +55 (73) 99124-8589 +55 (73) 99988-6464 info@mataencantada.com.br \u00a9 2024 MATA ENCANTADA &#8211; BEACH VILLAGE<\/p>\n","protected":false},"author":1,"featured_media":0,"parent":0,"menu_order":210,"comment_status":"closed","ping_status":"closed","template":"","meta":{"footnotes":""},"class_list":["post-12916","page","type-page","status-publish","hentry"],"yoast_head":"<!-- This site is optimized with the Yoast SEO plugin v23.0 - https:\/\/yoast.com\/wordpress\/plugins\/seo\/ -->\n<title>Footer - Mata Encantada - Beach Village<\/title>\n<meta name=\"robots\" content=\"index, follow, max-snippet:-1, max-image-preview:large, max-video-preview:-1\" \/>\n<link rel=\"canonical\" href=\"https:\/\/mataencantada.com.br\/fr\/footer\/\" \/>\n<meta property=\"og:locale\" content=\"fr_FR\" \/>\n<meta property=\"og:type\" content=\"article\" \/>\n<meta property=\"og:title\" content=\"Footer - Mata Encantada - Beach Village\" \/>\n<meta property=\"og:description\" content=\"Links CONDITIONS G\u00c9N\u00c9RALES MENTIONS L\u00c9GALES R\u00e9seaux sociaux Instagram Facebook-f Youtube Tripadvisor MATA ENCANTADA &#8211; BEACH VILLAGE BA-001, km 46 Santo Andr\u00e9 &#8211; CEP 45807-000 Santa Cruz Cabr\u00e1lia &#8211; BA &#8211; Br\u00e9sil +55 (73) 99124-8589 +55 (73) 99988-6464 info@mataencantada.com.br \u00a9 2024 MATA ENCANTADA &#8211; BEACH VILLAGE\" \/>\n<meta property=\"og:url\" content=\"https:\/\/mataencantada.com.br\/fr\/footer\/\" \/>\n<meta property=\"og:site_name\" content=\"Mata Encantada - Beach Village\" \/>\n<meta property=\"article:publisher\" content=\"https:\/\/www.facebook.com\/mataencantada\" \/>\n<meta property=\"article:modified_time\" content=\"2024-06-01T06:55:41+00:00\" \/>\n<meta property=\"og:image\" content=\"https:\/\/mataencantada.com.br\/wp-content\/uploads\/2023\/10\/cropped-Logo-ohne-Schrift.png\" \/>\n<meta name=\"twitter:card\" content=\"summary_large_image\" \/>\n<script type=\"application\/ld+json\" class=\"yoast-schema-graph\">{\"@context\":\"https:\/\/schema.org\",\"@graph\":[{\"@type\":\"WebPage\",\"@id\":\"https:\/\/mataencantada.com.br\/fr\/footer\/\",\"url\":\"https:\/\/mataencantada.com.br\/fr\/footer\/\",\"name\":\"Footer - Mata Encantada - Beach Village\",\"isPartOf\":{\"@id\":\"https:\/\/mataencantada.com.br\/en\/#website\"},\"primaryImageOfPage\":{\"@id\":\"https:\/\/mataencantada.com.br\/fr\/footer\/#primaryimage\"},\"image\":{\"@id\":\"https:\/\/mataencantada.com.br\/fr\/footer\/#primaryimage\"},\"thumbnailUrl\":\"https:\/\/mataencantada.com.br\/wp-content\/uploads\/2023\/10\/cropped-Logo-ohne-Schrift.png\",\"datePublished\":\"2022-11-21T14:10:22+00:00\",\"dateModified\":\"2024-06-01T06:55:41+00:00\",\"breadcrumb\":{\"@id\":\"https:\/\/mataencantada.com.br\/fr\/footer\/#breadcrumb\"},\"inLanguage\":\"fr-FR\",\"potentialAction\":[{\"@type\":\"ReadAction\",\"target\":[\"https:\/\/mataencantada.com.br\/fr\/footer\/\"]}]},{\"@type\":\"ImageObject\",\"inLanguage\":\"fr-FR\",\"@id\":\"https:\/\/mataencantada.com.br\/fr\/footer\/#primaryimage\",\"url\":\"https:\/\/mataencantada.com.br\/wp-content\/uploads\/2023\/10\/cropped-Logo-ohne-Schrift.png\",\"contentUrl\":\"https:\/\/mataencantada.com.br\/wp-content\/uploads\/2023\/10\/cropped-Logo-ohne-Schrift.png\"},{\"@type\":\"BreadcrumbList\",\"@id\":\"https:\/\/mataencantada.com.br\/fr\/footer\/#breadcrumb\",\"itemListElement\":[{\"@type\":\"ListItem\",\"position\":1,\"name\":\"Home\",\"item\":\"https:\/\/mataencantada.com.br\/fr\/home\/\"},{\"@type\":\"ListItem\",\"position\":2,\"name\":\"Footer\"}]},{\"@type\":\"WebSite\",\"@id\":\"https:\/\/mataencantada.com.br\/en\/#website\",\"url\":\"https:\/\/mataencantada.com.br\/en\/\",\"name\":\"Mata Encantada - Beach Village\",\"description\":\"\",\"publisher\":{\"@id\":\"https:\/\/mataencantada.com.br\/en\/#organization\"},\"potentialAction\":[{\"@type\":\"SearchAction\",\"target\":{\"@type\":\"EntryPoint\",\"urlTemplate\":\"https:\/\/mataencantada.com.br\/en\/?s={search_term_string}\"},\"query-input\":\"required name=search_term_string\"}],\"inLanguage\":\"fr-FR\"},{\"@type\":\"Organization\",\"@id\":\"https:\/\/mataencantada.com.br\/en\/#organization\",\"name\":\"Mata Encantada - Beach Village\",\"url\":\"https:\/\/mataencantada.com.br\/en\/\",\"logo\":{\"@type\":\"ImageObject\",\"inLanguage\":\"fr-FR\",\"@id\":\"https:\/\/mataencantada.com.br\/en\/#\/schema\/logo\/image\/\",\"url\":\"https:\/\/mataencantada.com.br\/wp-content\/uploads\/2023\/10\/cropped-Logo.png\",\"contentUrl\":\"https:\/\/mataencantada.com.br\/wp-content\/uploads\/2023\/10\/cropped-Logo.png\",\"width\":512,\"height\":512,\"caption\":\"Mata Encantada - Beach Village\"},\"image\":{\"@id\":\"https:\/\/mataencantada.com.br\/en\/#\/schema\/logo\/image\/\"},\"sameAs\":[\"https:\/\/www.facebook.com\/mataencantada\",\"https:\/\/www.instagram.com\/mataencantada\/\",\"https:\/\/www.youtube.com\/channel\/UC2fevenJGfAktr3kaRlwoCg\"]}]}<\/script>\n<!-- \/ Yoast SEO plugin. -->","yoast_head_json":{"title":"Footer - Mata Encantada - Beach Village","robots":{"index":"index","follow":"follow","max-snippet":"max-snippet:-1","max-image-preview":"max-image-preview:large","max-video-preview":"max-video-preview:-1"},"canonical":"https:\/\/mataencantada.com.br\/fr\/footer\/","og_locale":"fr_FR","og_type":"article","og_title":"Footer - Mata Encantada - Beach Village","og_description":"Links CONDITIONS G\u00c9N\u00c9RALES MENTIONS L\u00c9GALES R\u00e9seaux sociaux Instagram Facebook-f Youtube Tripadvisor MATA ENCANTADA &#8211; BEACH VILLAGE BA-001, km 46 Santo Andr\u00e9 &#8211; CEP 45807-000 Santa Cruz Cabr\u00e1lia &#8211; BA &#8211; Br\u00e9sil +55 (73) 99124-8589 +55 (73) 99988-6464 info@mataencantada.com.br \u00a9 2024 MATA ENCANTADA &#8211; BEACH VILLAGE","og_url":"https:\/\/mataencantada.com.br\/fr\/footer\/","og_site_name":"Mata Encantada - Beach Village","article_publisher":"https:\/\/www.facebook.com\/mataencantada","article_modified_time":"2024-06-01T06:55:41+00:00","og_image":[{"url":"https:\/\/mataencantada.com.br\/wp-content\/uploads\/2023\/10\/cropped-Logo-ohne-Schrift.png"}],"twitter_card":"summary_large_image","schema":{"@context":"https:\/\/schema.org","@graph":[{"@type":"WebPage","@id":"https:\/\/mataencantada.com.br\/fr\/footer\/","url":"https:\/\/mataencantada.com.br\/fr\/footer\/","name":"Footer - Mata Encantada - Beach Village","isPartOf":{"@id":"https:\/\/mataencantada.com.br\/en\/#website"},"primaryImageOfPage":{"@id":"https:\/\/mataencantada.com.br\/fr\/footer\/#primaryimage"},"image":{"@id":"https:\/\/mataencantada.com.br\/fr\/footer\/#primaryimage"},"thumbnailUrl":"https:\/\/mataencantada.com.br\/wp-content\/uploads\/2023\/10\/cropped-Logo-ohne-Schrift.png","datePublished":"2022-11-21T14:10:22+00:00","dateModified":"2024-06-01T06:55:41+00:00","breadcrumb":{"@id":"https:\/\/mataencantada.com.br\/fr\/footer\/#breadcrumb"},"inLanguage":"fr-FR","potentialAction":[{"@type":"ReadAction","target":["https:\/\/mataencantada.com.br\/fr\/footer\/"]}]},{"@type":"ImageObject","inLanguage":"fr-FR","@id":"https:\/\/mataencantada.com.br\/fr\/footer\/#primaryimage","url":"https:\/\/mataencantada.com.br\/wp-content\/uploads\/2023\/10\/cropped-Logo-ohne-Schrift.png","contentUrl":"https:\/\/mataencantada.com.br\/wp-content\/uploads\/2023\/10\/cropped-Logo-ohne-Schrift.png"},{"@type":"BreadcrumbList","@id":"https:\/\/mataencantada.com.br\/fr\/footer\/#breadcrumb","itemListElement":[{"@type":"ListItem","position":1,"name":"Home","item":"https:\/\/mataencantada.com.br\/fr\/home\/"},{"@type":"ListItem","position":2,"name":"Footer"}]},{"@type":"WebSite","@id":"https:\/\/mataencantada.com.br\/en\/#website","url":"https:\/\/mataencantada.com.br\/en\/","name":"Mata Encantada - Beach Village","description":"","publisher":{"@id":"https:\/\/mataencantada.com.br\/en\/#organization"},"potentialAction":[{"@type":"SearchAction","target":{"@type":"EntryPoint","urlTemplate":"https:\/\/mataencantada.com.br\/en\/?s={search_term_string}"},"query-input":"required name=search_term_string"}],"inLanguage":"fr-FR"},{"@type":"Organization","@id":"https:\/\/mataencantada.com.br\/en\/#organization","name":"Mata Encantada - Beach Village","url":"https:\/\/mataencantada.com.br\/en\/","logo":{"@type":"ImageObject","inLanguage":"fr-FR","@id":"https:\/\/mataencantada.com.br\/en\/#\/schema\/logo\/image\/","url":"https:\/\/mataencantada.com.br\/wp-content\/uploads\/2023\/10\/cropped-Logo.png","contentUrl":"https:\/\/mataencantada.com.br\/wp-content\/uploads\/2023\/10\/cropped-Logo.png","width":512,"height":512,"caption":"Mata Encantada - Beach Village"},"image":{"@id":"https:\/\/mataencantada.com.br\/en\/#\/schema\/logo\/image\/"},"sameAs":["https:\/\/www.facebook.com\/mataencantada","https:\/\/www.instagram.com\/mataencantada\/","https:\/\/www.youtube.com\/channel\/UC2fevenJGfAktr3kaRlwoCg"]}]}},"_links":{"self":[{"href":"https:\/\/mataencantada.com.br\/fr\/wp-json\/wp\/v2\/pages\/12916","targetHints":{"allow":["GET"]}}],"collection":[{"href":"https:\/\/mataencantada.com.br\/fr\/wp-json\/wp\/v2\/pages"}],"about":[{"href":"https:\/\/mataencantada.com.br\/fr\/wp-json\/wp\/v2\/types\/page"}],"author":[{"embeddable":true,"href":"https:\/\/mataencantada.com.br\/fr\/wp-json\/wp\/v2\/users\/1"}],"replies":[{"embeddable":true,"href":"https:\/\/mataencantada.com.br\/fr\/wp-json\/wp\/v2\/comments?post=12916"}],"version-history":[{"count":6,"href":"https:\/\/mataencantada.com.br\/fr\/wp-json\/wp\/v2\/pages\/12916\/revisions"}],"predecessor-version":[{"id":15481,"href":"https:\/\/mataencantada.com.br\/fr\/wp-json\/wp\/v2\/pages\/12916\/revisions\/15481"}],"wp:attachment":[{"href":"https:\/\/mataencantada.com.br\/fr\/wp-json\/wp\/v2\/media?parent=12916"}],"curies":[{"name":"wp","href":"https:\/\/api.w.org\/{rel}","templated":true}]}}