{"id":15546,"date":"2024-05-02T09:06:29","date_gmt":"2024-05-02T12:06:29","guid":{"rendered":"https:\/\/mataencantada.com.br\/pousada\/"},"modified":"2024-07-03T15:27:25","modified_gmt":"2024-07-03T18:27:25","slug":"pousada","status":"publish","type":"page","link":"https:\/\/mataencantada.com.br\/fr\/pousada-2\/pousada\/","title":{"rendered":"Infrastructure"},"content":{"rendered":"\t\t<div data-elementor-type=\"wp-page\" data-elementor-id=\"15546\" class=\"elementor elementor-15546 elementor-14951\" data-elementor-post-type=\"page\">\n\t\t\t\t\t\t<section class=\"elementor-section elementor-top-section elementor-element elementor-element-427781ed elementor-section-stretched elementor-section-content-middle elementor-section-boxed elementor-section-height-default elementor-section-height-default\" data-id=\"427781ed\" data-element_type=\"section\" data-settings=\"{&quot;stretch_section&quot;:&quot;section-stretched&quot;,&quot;background_background&quot;:&quot;classic&quot;}\">\n\t\t\t\t\t\t\t<div class=\"elementor-background-overlay\"><\/div>\n\t\t\t\t\t\t\t<div class=\"elementor-container elementor-column-gap-default\">\n\t\t\t\t\t<div class=\"elementor-column elementor-col-100 elementor-top-column elementor-element elementor-element-3ba97320\" data-id=\"3ba97320\" data-element_type=\"column\">\n\t\t\t<div class=\"elementor-widget-wrap elementor-element-populated\">\n\t\t\t\t\t\t<div class=\"elementor-element elementor-element-d7e0eb9 elementor-widget elementor-widget-heading\" data-id=\"d7e0eb9\" data-element_type=\"widget\" data-widget_type=\"heading.default\">\n\t\t\t\t<div class=\"elementor-widget-container\">\n\t\t\t<style>\/*! elementor - v3.21.0 - 26-05-2024 *\/\n.elementor-heading-title{padding:0;margin:0;line-height:1}.elementor-widget-heading .elementor-heading-title[class*=elementor-size-]>a{color:inherit;font-size:inherit;line-height:inherit}.elementor-widget-heading .elementor-heading-title.elementor-size-small{font-size:15px}.elementor-widget-heading .elementor-heading-title.elementor-size-medium{font-size:19px}.elementor-widget-heading .elementor-heading-title.elementor-size-large{font-size:29px}.elementor-widget-heading .elementor-heading-title.elementor-size-xl{font-size:39px}.elementor-widget-heading .elementor-heading-title.elementor-size-xxl{font-size:59px}<\/style><h1 class=\"elementor-heading-title elementor-size-default\">INFRASTRUCURE<\/h1>\t\t<\/div>\n\t\t\t\t<\/div>\n\t\t\t\t\t<\/div>\n\t\t<\/div>\n\t\t\t\t\t<\/div>\n\t\t<\/section>\n\t\t<div class=\"elementor-element elementor-element-f0f917a e-flex e-con-boxed e-con e-parent\" data-id=\"f0f917a\" data-element_type=\"container\" data-settings=\"{&quot;background_background&quot;:&quot;classic&quot;}\">\n\t\t\t\t\t<div class=\"e-con-inner\">\n\t\t<div class=\"elementor-element elementor-element-300e382 e-con-full e-flex e-con e-child\" data-id=\"300e382\" data-element_type=\"container\">\n\t\t\t\t<div class=\"elementor-element elementor-element-242643c elementor-widget elementor-widget-heading\" data-id=\"242643c\" data-element_type=\"widget\" data-widget_type=\"heading.default\">\n\t\t\t\t<div class=\"elementor-widget-container\">\n\t\t\t<h2 class=\"elementor-heading-title elementor-size-default\">Aventure et repos au c\u0153ur de la nature<\/h2>\t\t<\/div>\n\t\t\t\t<\/div>\n\t\t\t\t<\/div>\n\t\t<div class=\"elementor-element elementor-element-daaf1a6 e-con-full e-flex e-con e-child\" data-id=\"daaf1a6\" data-element_type=\"container\" data-settings=\"{&quot;background_background&quot;:&quot;classic&quot;}\">\n\t\t\t\t<\/div>\n\t\t\t\t\t<\/div>\n\t\t\t\t<\/div>\n\t\t<div class=\"elementor-element elementor-element-a67e053 e-flex e-con-boxed e-con e-parent\" data-id=\"a67e053\" data-element_type=\"container\" data-settings=\"{&quot;background_background&quot;:&quot;classic&quot;}\">\n\t\t\t\t\t<div class=\"e-con-inner\">\n\t\t<div class=\"elementor-element elementor-element-6876d76 e-con-full elementor-hidden-mobile e-flex e-con e-child\" data-id=\"6876d76\" data-element_type=\"container\" data-settings=\"{&quot;background_background&quot;:&quot;classic&quot;}\">\n\t\t\t\t<\/div>\n\t\t<div class=\"elementor-element elementor-element-0e36089 e-con-full e-flex e-con e-child\" data-id=\"0e36089\" data-element_type=\"container\">\n\t\t\t\t<div class=\"elementor-element elementor-element-8f45447 elementor-widget elementor-widget-text-editor\" data-id=\"8f45447\" data-element_type=\"widget\" data-widget_type=\"text-editor.default\">\n\t\t\t\t<div class=\"elementor-widget-container\">\n\t\t\t<style>\/*! elementor - v3.21.0 - 26-05-2024 *\/\n.elementor-widget-text-editor.elementor-drop-cap-view-stacked .elementor-drop-cap{background-color:#69727d;color:#fff}.elementor-widget-text-editor.elementor-drop-cap-view-framed .elementor-drop-cap{color:#69727d;border:3px solid;background-color:transparent}.elementor-widget-text-editor:not(.elementor-drop-cap-view-default) .elementor-drop-cap{margin-top:8px}.elementor-widget-text-editor:not(.elementor-drop-cap-view-default) .elementor-drop-cap-letter{width:1em;height:1em}.elementor-widget-text-editor .elementor-drop-cap{float:left;text-align:center;line-height:1;font-size:50px}.elementor-widget-text-editor .elementor-drop-cap-letter{display:inline-block}<\/style>\t\t\t\t<p>Le Mata Encantada Beach Village est un v\u00e9ritable pied dans le sable au sein d&rsquo;une zone de protection environnementale de 15 000 m\u00b2 o\u00f9 se trouvent seulement 6 maisons, dont 4 villas (maisons \u00e0 deux chambres) et 2 maisons dans les arbres. La sensation d&rsquo;\u00eatre au milieu de la for\u00eat et en face de la mer est merveilleuse. <\/p>\n<p>L&rsquo;infrastructure de loisirs est tr\u00e8s compl\u00e8te avec une piscine d&rsquo;eau douce pour adultes et enfants, \u00e0 quelques pas de la plage.<\/p>\t\t\t\t\t\t<\/div>\n\t\t\t\t<\/div>\n\t\t\t\t<\/div>\n\t\t\t\t\t<\/div>\n\t\t\t\t<\/div>\n\t\t<div class=\"elementor-element elementor-element-067c9a9 e-flex e-con-boxed e-con e-parent\" data-id=\"067c9a9\" data-element_type=\"container\" data-settings=\"{&quot;background_background&quot;:&quot;classic&quot;}\">\n\t\t\t\t\t<div class=\"e-con-inner\">\n\t\t<div class=\"elementor-element elementor-element-09e5ff4 e-con-full elementor-hidden-mobile e-flex e-con e-child\" data-id=\"09e5ff4\" data-element_type=\"container\" data-settings=\"{&quot;background_background&quot;:&quot;classic&quot;}\">\n\t\t\t\t<\/div>\n\t\t<div class=\"elementor-element elementor-element-8f7d590 e-con-full e-flex e-con e-child\" data-id=\"8f7d590\" data-element_type=\"container\">\n\t\t\t\t<div class=\"elementor-element elementor-element-82d0f20 elementor-widget elementor-widget-text-editor\" data-id=\"82d0f20\" data-element_type=\"widget\" data-widget_type=\"text-editor.default\">\n\t\t\t\t<div class=\"elementor-widget-container\">\n\t\t\t\t\t\t\t<p>Au Mata Encantada Beach Village, les enfants sont les bienvenus. Le complexe propose un espace et des options pour les jeux d&rsquo;enfants avec beaucoup d&rsquo;aventures. Les aires de jeux sont int\u00e9gr\u00e9es \u00e0 l&rsquo;environnement et m\u00eame les clients en qu\u00eate de tranquillit\u00e9 peuvent se reposer sans \u00eatre d\u00e9rang\u00e9s.  <\/p>\n<p>Nous proposons des services de blanchisserie, de garde d&rsquo;enfants et les clients peuvent \u00e9galement disposer d&rsquo;une cuisini\u00e8re pour pr\u00e9parer des d\u00e9lices de la cuisine bahianaise ou internationale. Nous proposons des transferts depuis l&rsquo;a\u00e9roport de Porto Seguro jusqu&rsquo;au complexe. Ces services ne sont pas inclus dans les tarifs journaliers et doivent \u00eatre r\u00e9serv\u00e9s \u00e0 l&rsquo;avance.  <\/p>\n<p>Si vous souhaitez d\u00e9couvrir d&rsquo;autres endroits du Br\u00e9sil ou de la r\u00e9gion, nous pouvons organiser des visites et des excursions.<\/p>\n<p>Notre service est disponible 24 heures sur 24.<\/p>\n\t\t\t\t\t\t<\/div>\n\t\t\t\t<\/div>\n\t\t\t\t<\/div>\n\t\t\t\t\t<\/div>\n\t\t\t\t<\/div>\n\t\t<div class=\"elementor-element elementor-element-ce0c57d e-flex e-con-boxed e-con e-parent\" data-id=\"ce0c57d\" data-element_type=\"container\" data-settings=\"{&quot;background_background&quot;:&quot;classic&quot;}\">\n\t\t\t\t\t<div class=\"e-con-inner\">\n\t\t\t\t<div class=\"elementor-element elementor-element-706ab83 elementor-arrows-position-inside elementor-widget elementor-widget-image-carousel\" data-id=\"706ab83\" data-element_type=\"widget\" data-settings=\"{&quot;slides_to_show&quot;:&quot;1&quot;,&quot;navigation&quot;:&quot;arrows&quot;,&quot;autoplay&quot;:&quot;yes&quot;,&quot;pause_on_hover&quot;:&quot;yes&quot;,&quot;pause_on_interaction&quot;:&quot;yes&quot;,&quot;autoplay_speed&quot;:5000,&quot;infinite&quot;:&quot;yes&quot;,&quot;effect&quot;:&quot;slide&quot;,&quot;speed&quot;:500}\" data-widget_type=\"image-carousel.default\">\n\t\t\t\t<div class=\"elementor-widget-container\">\n\t\t\t<style>\/*! elementor - v3.21.0 - 26-05-2024 *\/\n.elementor-widget-image-carousel .swiper,.elementor-widget-image-carousel .swiper-container{position:static}.elementor-widget-image-carousel .swiper-container .swiper-slide figure,.elementor-widget-image-carousel .swiper .swiper-slide figure{line-height:inherit}.elementor-widget-image-carousel .swiper-slide{text-align:center}.elementor-image-carousel-wrapper:not(.swiper-container-initialized):not(.swiper-initialized) .swiper-slide{max-width:calc(100% \/ var(--e-image-carousel-slides-to-show, 3))}<\/style>\t\t<div class=\"elementor-image-carousel-wrapper swiper\" dir=\"ltr\">\n\t\t\t<div class=\"elementor-image-carousel swiper-wrapper\" aria-live=\"off\">\n\t\t\t\t\t\t\t\t<div class=\"swiper-slide\" role=\"group\" aria-roledescription=\"slide\" aria-label=\"1 sur 8\"><a data-elementor-open-lightbox=\"yes\" data-elementor-lightbox-slideshow=\"706ab83\" data-elementor-lightbox-title=\"Wald03\" data-e-action-hash=\"#elementor-action%3Aaction%3Dlightbox%26settings%3DeyJpZCI6MTUwNzMsInVybCI6Imh0dHBzOlwvXC9tYXRhZW5jYW50YWRhLmNvbS5iclwvd3AtY29udGVudFwvdXBsb2Fkc1wvMjAyNFwvMDVcL1dhbGQwMy1zY2FsZWQuanBnIiwic2xpZGVzaG93IjoiNzA2YWI4MyJ9\" href=\"https:\/\/mataencantada.com.br\/wp-content\/uploads\/2024\/05\/Wald03-scaled.jpg\"><figure class=\"swiper-slide-inner\"><img decoding=\"async\" class=\"swiper-slide-image\" src=\"https:\/\/mataencantada.com.br\/wp-content\/uploads\/2024\/05\/Wald03-scaled.jpg\" alt=\"Wald03\" \/><\/figure><\/a><\/div><div class=\"swiper-slide\" role=\"group\" aria-roledescription=\"slide\" aria-label=\"2 sur 8\"><a data-elementor-open-lightbox=\"yes\" data-elementor-lightbox-slideshow=\"706ab83\" data-elementor-lightbox-title=\"IMG_6340_26208\" data-e-action-hash=\"#elementor-action%3Aaction%3Dlightbox%26settings%3DeyJpZCI6MTUwMzMsInVybCI6Imh0dHBzOlwvXC9tYXRhZW5jYW50YWRhLmNvbS5iclwvd3AtY29udGVudFwvdXBsb2Fkc1wvMjAyNFwvMDVcL0lNR182MzQwXzI2MjA4LXNjYWxlZC5qcGciLCJzbGlkZXNob3ciOiI3MDZhYjgzIn0%3D\" href=\"https:\/\/mataencantada.com.br\/wp-content\/uploads\/2024\/05\/IMG_6340_26208-scaled.jpg\"><figure class=\"swiper-slide-inner\"><img decoding=\"async\" class=\"swiper-slide-image\" src=\"https:\/\/mataencantada.com.br\/wp-content\/uploads\/2024\/05\/IMG_6340_26208-scaled.jpg\" alt=\"IMG_6340_26208\" \/><\/figure><\/a><\/div><div class=\"swiper-slide\" role=\"group\" aria-roledescription=\"slide\" aria-label=\"3 sur 8\"><a data-elementor-open-lightbox=\"yes\" data-elementor-lightbox-slideshow=\"706ab83\" data-elementor-lightbox-title=\"IMG_2531\" data-e-action-hash=\"#elementor-action%3Aaction%3Dlightbox%26settings%3DeyJpZCI6MTUwMjEsInVybCI6Imh0dHBzOlwvXC9tYXRhZW5jYW50YWRhLmNvbS5iclwvd3AtY29udGVudFwvdXBsb2Fkc1wvMjAyNFwvMDVcL0lNR18yNTMxLXNjYWxlZC5qcGciLCJzbGlkZXNob3ciOiI3MDZhYjgzIn0%3D\" href=\"https:\/\/mataencantada.com.br\/wp-content\/uploads\/2024\/05\/IMG_2531-scaled.jpg\"><figure class=\"swiper-slide-inner\"><img decoding=\"async\" class=\"swiper-slide-image\" src=\"https:\/\/mataencantada.com.br\/wp-content\/uploads\/2024\/05\/IMG_2531-scaled.jpg\" alt=\"IMG_2531\" \/><\/figure><\/a><\/div><div class=\"swiper-slide\" role=\"group\" aria-roledescription=\"slide\" aria-label=\"4 sur 8\"><a data-elementor-open-lightbox=\"yes\" data-elementor-lightbox-slideshow=\"706ab83\" data-elementor-lightbox-title=\"IMG_2520\" data-e-action-hash=\"#elementor-action%3Aaction%3Dlightbox%26settings%3DeyJpZCI6MTUwMTcsInVybCI6Imh0dHBzOlwvXC9tYXRhZW5jYW50YWRhLmNvbS5iclwvd3AtY29udGVudFwvdXBsb2Fkc1wvMjAyNFwvMDVcL0lNR18yNTIwLXNjYWxlZC5qcGciLCJzbGlkZXNob3ciOiI3MDZhYjgzIn0%3D\" href=\"https:\/\/mataencantada.com.br\/wp-content\/uploads\/2024\/05\/IMG_2520-scaled.jpg\"><figure class=\"swiper-slide-inner\"><img decoding=\"async\" class=\"swiper-slide-image\" src=\"https:\/\/mataencantada.com.br\/wp-content\/uploads\/2024\/05\/IMG_2520-scaled.jpg\" alt=\"IMG_2520\" \/><\/figure><\/a><\/div><div class=\"swiper-slide\" role=\"group\" aria-roledescription=\"slide\" aria-label=\"5 sur 8\"><a data-elementor-open-lightbox=\"yes\" data-elementor-lightbox-slideshow=\"706ab83\" data-elementor-lightbox-title=\"Wald02\" data-e-action-hash=\"#elementor-action%3Aaction%3Dlightbox%26settings%3DeyJpZCI6MTUwNjksInVybCI6Imh0dHBzOlwvXC9tYXRhZW5jYW50YWRhLmNvbS5iclwvd3AtY29udGVudFwvdXBsb2Fkc1wvMjAyNFwvMDVcL1dhbGQwMi1zY2FsZWQuanBnIiwic2xpZGVzaG93IjoiNzA2YWI4MyJ9\" href=\"https:\/\/mataencantada.com.br\/wp-content\/uploads\/2024\/05\/Wald02-scaled.jpg\"><figure class=\"swiper-slide-inner\"><img decoding=\"async\" class=\"swiper-slide-image\" src=\"https:\/\/mataencantada.com.br\/wp-content\/uploads\/2024\/05\/Wald02-scaled.jpg\" alt=\"Wald02\" \/><\/figure><\/a><\/div><div class=\"swiper-slide\" role=\"group\" aria-roledescription=\"slide\" aria-label=\"6 sur 8\"><a data-elementor-open-lightbox=\"yes\" data-elementor-lightbox-slideshow=\"706ab83\" data-elementor-lightbox-title=\"IMG_2422\" data-e-action-hash=\"#elementor-action%3Aaction%3Dlightbox%26settings%3DeyJpZCI6MTUwMDEsInVybCI6Imh0dHBzOlwvXC9tYXRhZW5jYW50YWRhLmNvbS5iclwvd3AtY29udGVudFwvdXBsb2Fkc1wvMjAyNFwvMDVcL0lNR18yNDIyLTEtc2NhbGVkLmpwZyIsInNsaWRlc2hvdyI6IjcwNmFiODMifQ%3D%3D\" href=\"https:\/\/mataencantada.com.br\/wp-content\/uploads\/2024\/05\/IMG_2422-1-scaled.jpg\"><figure class=\"swiper-slide-inner\"><img decoding=\"async\" class=\"swiper-slide-image\" src=\"https:\/\/mataencantada.com.br\/wp-content\/uploads\/2024\/05\/IMG_2422-1-scaled.jpg\" alt=\"IMG_2422\" \/><\/figure><\/a><\/div><div class=\"swiper-slide\" role=\"group\" aria-roledescription=\"slide\" aria-label=\"7 sur 8\"><a data-elementor-open-lightbox=\"yes\" data-elementor-lightbox-slideshow=\"706ab83\" data-elementor-lightbox-title=\"HDRtist HDR - http:\/\/www.ohanaware.com\/hdrtist\/\" data-e-action-hash=\"#elementor-action%3Aaction%3Dlightbox%26settings%3DeyJpZCI6MTQ5OTcsInVybCI6Imh0dHBzOlwvXC9tYXRhZW5jYW50YWRhLmNvbS5iclwvd3AtY29udGVudFwvdXBsb2Fkc1wvMjAyNFwvMDVcL0lNR18wMzE4LTEtc2NhbGVkLmpwZyIsInNsaWRlc2hvdyI6IjcwNmFiODMifQ%3D%3D\" href=\"https:\/\/mataencantada.com.br\/wp-content\/uploads\/2024\/05\/IMG_0318-1-scaled.jpg\"><figure class=\"swiper-slide-inner\"><img decoding=\"async\" class=\"swiper-slide-image\" src=\"https:\/\/mataencantada.com.br\/wp-content\/uploads\/2024\/05\/IMG_0318-1-scaled.jpg\" alt=\"HDRtist HDR - http:\/\/www.ohanaware.com\/hdrtist\/\" \/><\/figure><\/a><\/div><div class=\"swiper-slide\" role=\"group\" aria-roledescription=\"slide\" aria-label=\"8 sur 8\"><a data-elementor-open-lightbox=\"yes\" data-elementor-lightbox-slideshow=\"706ab83\" data-elementor-lightbox-title=\"DJI_0934\" data-e-action-hash=\"#elementor-action%3Aaction%3Dlightbox%26settings%3DeyJpZCI6MTQ4NzUsInVybCI6Imh0dHBzOlwvXC9tYXRhZW5jYW50YWRhLmNvbS5iclwvd3AtY29udGVudFwvdXBsb2Fkc1wvMjAyNFwvMDVcL0RKSV8wOTM0LXNjYWxlZC5qcGciLCJzbGlkZXNob3ciOiI3MDZhYjgzIn0%3D\" href=\"https:\/\/mataencantada.com.br\/wp-content\/uploads\/2024\/05\/DJI_0934-scaled.jpg\"><figure class=\"swiper-slide-inner\"><img decoding=\"async\" class=\"swiper-slide-image\" src=\"https:\/\/mataencantada.com.br\/wp-content\/uploads\/2024\/05\/DJI_0934-scaled.jpg\" alt=\"DJI_0934\" \/><\/figure><\/a><\/div>\t\t\t<\/div>\n\t\t\t\t\t\t\t\t\t\t\t\t<div class=\"elementor-swiper-button elementor-swiper-button-prev\" role=\"button\" tabindex=\"0\">\n\t\t\t\t\t\t<i aria-hidden=\"true\" class=\"eicon-chevron-left\"><\/i>\t\t\t\t\t<\/div>\n\t\t\t\t\t<div class=\"elementor-swiper-button elementor-swiper-button-next\" role=\"button\" tabindex=\"0\">\n\t\t\t\t\t\t<i aria-hidden=\"true\" class=\"eicon-chevron-right\"><\/i>\t\t\t\t\t<\/div>\n\t\t\t\t\n\t\t\t\t\t\t\t\t\t<\/div>\n\t\t\t\t<\/div>\n\t\t\t\t<\/div>\n\t\t\t\t\t<\/div>\n\t\t\t\t<\/div>\n\t\t\t\t<\/div>\n\t\t","protected":false},"excerpt":{"rendered":"<p>INFRASTRUCURE Aventure et repos au c\u0153ur de la nature Le Mata Encantada Beach Village est un v\u00e9ritable pied dans le sable au sein d&rsquo;une zone de protection environnementale de 15 000 m\u00b2 o\u00f9 se trouvent seulement 6 maisons, dont 4 villas (maisons \u00e0 deux chambres) et 2 maisons dans les arbres. La sensation d&rsquo;\u00eatre au [&hellip;]<\/p>\n","protected":false},"author":1,"featured_media":0,"parent":15821,"menu_order":20,"comment_status":"closed","ping_status":"closed","template":"","meta":{"footnotes":""},"class_list":["post-15546","page","type-page","status-publish","hentry"],"yoast_head":"<!-- This site is optimized with the Yoast SEO plugin v23.0 - https:\/\/yoast.com\/wordpress\/plugins\/seo\/ -->\n<title>Infrastructure - Mata Encantada - Beach Village<\/title>\n<meta name=\"robots\" content=\"index, follow, max-snippet:-1, max-image-preview:large, max-video-preview:-1\" \/>\n<link rel=\"canonical\" href=\"https:\/\/mataencantada.com.br\/pousada\/estrutura\/\" \/>\n<meta property=\"og:locale\" content=\"fr_FR\" \/>\n<meta property=\"og:type\" content=\"article\" \/>\n<meta property=\"og:title\" content=\"Infrastructure - Mata Encantada - Beach Village\" \/>\n<meta property=\"og:description\" content=\"INFRASTRUCURE Aventure et repos au c\u0153ur de la nature Le Mata Encantada Beach Village est un v\u00e9ritable pied dans le sable au sein d&rsquo;une zone de protection environnementale de 15 000 m\u00b2 o\u00f9 se trouvent seulement 6 maisons, dont 4 villas (maisons \u00e0 deux chambres) et 2 maisons dans les arbres. La sensation d&rsquo;\u00eatre au [&hellip;]\" \/>\n<meta property=\"og:url\" content=\"https:\/\/mataencantada.com.br\/pousada\/estrutura\/\" \/>\n<meta property=\"og:site_name\" content=\"Mata Encantada - Beach Village\" \/>\n<meta property=\"article:publisher\" content=\"https:\/\/www.facebook.com\/mataencantada\" \/>\n<meta property=\"article:modified_time\" content=\"2024-07-03T18:27:25+00:00\" \/>\n<meta property=\"og:image\" content=\"https:\/\/mataencantada.com.br\/wp-content\/uploads\/2024\/05\/Wald03-scaled.jpg\" \/>\n<meta name=\"twitter:card\" content=\"summary_large_image\" \/>\n<meta name=\"twitter:label1\" content=\"Dur\u00e9e de lecture estim\u00e9e\" \/>\n\t<meta name=\"twitter:data1\" content=\"1 minute\" \/>\n<script type=\"application\/ld+json\" class=\"yoast-schema-graph\">{\"@context\":\"https:\/\/schema.org\",\"@graph\":[{\"@type\":\"WebPage\",\"@id\":\"https:\/\/mataencantada.com.br\/pousada\/estrutura\/\",\"url\":\"https:\/\/mataencantada.com.br\/pousada\/estrutura\/\",\"name\":\"Infrastructure - Mata Encantada - Beach Village\",\"isPartOf\":{\"@id\":\"https:\/\/mataencantada.com.br\/en\/#website\"},\"primaryImageOfPage\":{\"@id\":\"https:\/\/mataencantada.com.br\/pousada\/estrutura\/#primaryimage\"},\"image\":{\"@id\":\"https:\/\/mataencantada.com.br\/pousada\/estrutura\/#primaryimage\"},\"thumbnailUrl\":\"https:\/\/mataencantada.com.br\/wp-content\/uploads\/2024\/05\/Wald03-scaled.jpg\",\"datePublished\":\"2024-05-02T12:06:29+00:00\",\"dateModified\":\"2024-07-03T18:27:25+00:00\",\"breadcrumb\":{\"@id\":\"https:\/\/mataencantada.com.br\/pousada\/estrutura\/#breadcrumb\"},\"inLanguage\":\"fr-FR\",\"potentialAction\":[{\"@type\":\"ReadAction\",\"target\":[\"https:\/\/mataencantada.com.br\/pousada\/estrutura\/\"]}]},{\"@type\":\"ImageObject\",\"inLanguage\":\"fr-FR\",\"@id\":\"https:\/\/mataencantada.com.br\/pousada\/estrutura\/#primaryimage\",\"url\":\"https:\/\/mataencantada.com.br\/wp-content\/uploads\/2024\/05\/Wald03-scaled.jpg\",\"contentUrl\":\"https:\/\/mataencantada.com.br\/wp-content\/uploads\/2024\/05\/Wald03-scaled.jpg\"},{\"@type\":\"BreadcrumbList\",\"@id\":\"https:\/\/mataencantada.com.br\/pousada\/estrutura\/#breadcrumb\",\"itemListElement\":[{\"@type\":\"ListItem\",\"position\":1,\"name\":\"Home\",\"item\":\"https:\/\/mataencantada.com.br\/fr\/home\/\"},{\"@type\":\"ListItem\",\"position\":2,\"name\":\"Pousada\",\"item\":\"https:\/\/mataencantada.com.br\/pousada\/\"},{\"@type\":\"ListItem\",\"position\":3,\"name\":\"Infrastructure\"}]},{\"@type\":\"WebSite\",\"@id\":\"https:\/\/mataencantada.com.br\/en\/#website\",\"url\":\"https:\/\/mataencantada.com.br\/en\/\",\"name\":\"Mata Encantada - Beach Village\",\"description\":\"\",\"publisher\":{\"@id\":\"https:\/\/mataencantada.com.br\/en\/#organization\"},\"potentialAction\":[{\"@type\":\"SearchAction\",\"target\":{\"@type\":\"EntryPoint\",\"urlTemplate\":\"https:\/\/mataencantada.com.br\/en\/?s={search_term_string}\"},\"query-input\":\"required name=search_term_string\"}],\"inLanguage\":\"fr-FR\"},{\"@type\":\"Organization\",\"@id\":\"https:\/\/mataencantada.com.br\/en\/#organization\",\"name\":\"Mata Encantada - Beach Village\",\"url\":\"https:\/\/mataencantada.com.br\/en\/\",\"logo\":{\"@type\":\"ImageObject\",\"inLanguage\":\"fr-FR\",\"@id\":\"https:\/\/mataencantada.com.br\/en\/#\/schema\/logo\/image\/\",\"url\":\"https:\/\/mataencantada.com.br\/wp-content\/uploads\/2023\/10\/cropped-Logo.png\",\"contentUrl\":\"https:\/\/mataencantada.com.br\/wp-content\/uploads\/2023\/10\/cropped-Logo.png\",\"width\":512,\"height\":512,\"caption\":\"Mata Encantada - Beach Village\"},\"image\":{\"@id\":\"https:\/\/mataencantada.com.br\/en\/#\/schema\/logo\/image\/\"},\"sameAs\":[\"https:\/\/www.facebook.com\/mataencantada\",\"https:\/\/www.instagram.com\/mataencantada\/\",\"https:\/\/www.youtube.com\/channel\/UC2fevenJGfAktr3kaRlwoCg\"]}]}<\/script>\n<!-- \/ Yoast SEO plugin. -->","yoast_head_json":{"title":"Infrastructure - Mata Encantada - Beach Village","robots":{"index":"index","follow":"follow","max-snippet":"max-snippet:-1","max-image-preview":"max-image-preview:large","max-video-preview":"max-video-preview:-1"},"canonical":"https:\/\/mataencantada.com.br\/pousada\/estrutura\/","og_locale":"fr_FR","og_type":"article","og_title":"Infrastructure - Mata Encantada - Beach Village","og_description":"INFRASTRUCURE Aventure et repos au c\u0153ur de la nature Le Mata Encantada Beach Village est un v\u00e9ritable pied dans le sable au sein d&rsquo;une zone de protection environnementale de 15 000 m\u00b2 o\u00f9 se trouvent seulement 6 maisons, dont 4 villas (maisons \u00e0 deux chambres) et 2 maisons dans les arbres. La sensation d&rsquo;\u00eatre au [&hellip;]","og_url":"https:\/\/mataencantada.com.br\/pousada\/estrutura\/","og_site_name":"Mata Encantada - Beach Village","article_publisher":"https:\/\/www.facebook.com\/mataencantada","article_modified_time":"2024-07-03T18:27:25+00:00","og_image":[{"url":"https:\/\/mataencantada.com.br\/wp-content\/uploads\/2024\/05\/Wald03-scaled.jpg"}],"twitter_card":"summary_large_image","twitter_misc":{"Dur\u00e9e de lecture estim\u00e9e":"1 minute"},"schema":{"@context":"https:\/\/schema.org","@graph":[{"@type":"WebPage","@id":"https:\/\/mataencantada.com.br\/pousada\/estrutura\/","url":"https:\/\/mataencantada.com.br\/pousada\/estrutura\/","name":"Infrastructure - Mata Encantada - Beach Village","isPartOf":{"@id":"https:\/\/mataencantada.com.br\/en\/#website"},"primaryImageOfPage":{"@id":"https:\/\/mataencantada.com.br\/pousada\/estrutura\/#primaryimage"},"image":{"@id":"https:\/\/mataencantada.com.br\/pousada\/estrutura\/#primaryimage"},"thumbnailUrl":"https:\/\/mataencantada.com.br\/wp-content\/uploads\/2024\/05\/Wald03-scaled.jpg","datePublished":"2024-05-02T12:06:29+00:00","dateModified":"2024-07-03T18:27:25+00:00","breadcrumb":{"@id":"https:\/\/mataencantada.com.br\/pousada\/estrutura\/#breadcrumb"},"inLanguage":"fr-FR","potentialAction":[{"@type":"ReadAction","target":["https:\/\/mataencantada.com.br\/pousada\/estrutura\/"]}]},{"@type":"ImageObject","inLanguage":"fr-FR","@id":"https:\/\/mataencantada.com.br\/pousada\/estrutura\/#primaryimage","url":"https:\/\/mataencantada.com.br\/wp-content\/uploads\/2024\/05\/Wald03-scaled.jpg","contentUrl":"https:\/\/mataencantada.com.br\/wp-content\/uploads\/2024\/05\/Wald03-scaled.jpg"},{"@type":"BreadcrumbList","@id":"https:\/\/mataencantada.com.br\/pousada\/estrutura\/#breadcrumb","itemListElement":[{"@type":"ListItem","position":1,"name":"Home","item":"https:\/\/mataencantada.com.br\/fr\/home\/"},{"@type":"ListItem","position":2,"name":"Pousada","item":"https:\/\/mataencantada.com.br\/pousada\/"},{"@type":"ListItem","position":3,"name":"Infrastructure"}]},{"@type":"WebSite","@id":"https:\/\/mataencantada.com.br\/en\/#website","url":"https:\/\/mataencantada.com.br\/en\/","name":"Mata Encantada - Beach Village","description":"","publisher":{"@id":"https:\/\/mataencantada.com.br\/en\/#organization"},"potentialAction":[{"@type":"SearchAction","target":{"@type":"EntryPoint","urlTemplate":"https:\/\/mataencantada.com.br\/en\/?s={search_term_string}"},"query-input":"required name=search_term_string"}],"inLanguage":"fr-FR"},{"@type":"Organization","@id":"https:\/\/mataencantada.com.br\/en\/#organization","name":"Mata Encantada - Beach Village","url":"https:\/\/mataencantada.com.br\/en\/","logo":{"@type":"ImageObject","inLanguage":"fr-FR","@id":"https:\/\/mataencantada.com.br\/en\/#\/schema\/logo\/image\/","url":"https:\/\/mataencantada.com.br\/wp-content\/uploads\/2023\/10\/cropped-Logo.png","contentUrl":"https:\/\/mataencantada.com.br\/wp-content\/uploads\/2023\/10\/cropped-Logo.png","width":512,"height":512,"caption":"Mata Encantada - Beach Village"},"image":{"@id":"https:\/\/mataencantada.com.br\/en\/#\/schema\/logo\/image\/"},"sameAs":["https:\/\/www.facebook.com\/mataencantada","https:\/\/www.instagram.com\/mataencantada\/","https:\/\/www.youtube.com\/channel\/UC2fevenJGfAktr3kaRlwoCg"]}]}},"_links":{"self":[{"href":"https:\/\/mataencantada.com.br\/fr\/wp-json\/wp\/v2\/pages\/15546","targetHints":{"allow":["GET"]}}],"collection":[{"href":"https:\/\/mataencantada.com.br\/fr\/wp-json\/wp\/v2\/pages"}],"about":[{"href":"https:\/\/mataencantada.com.br\/fr\/wp-json\/wp\/v2\/types\/page"}],"author":[{"embeddable":true,"href":"https:\/\/mataencantada.com.br\/fr\/wp-json\/wp\/v2\/users\/1"}],"replies":[{"embeddable":true,"href":"https:\/\/mataencantada.com.br\/fr\/wp-json\/wp\/v2\/comments?post=15546"}],"version-history":[{"count":3,"href":"https:\/\/mataencantada.com.br\/fr\/wp-json\/wp\/v2\/pages\/15546\/revisions"}],"predecessor-version":[{"id":15800,"href":"https:\/\/mataencantada.com.br\/fr\/wp-json\/wp\/v2\/pages\/15546\/revisions\/15800"}],"up":[{"embeddable":true,"href":"https:\/\/mataencantada.com.br\/fr\/wp-json\/wp\/v2\/pages\/15821"}],"wp:attachment":[{"href":"https:\/\/mataencantada.com.br\/fr\/wp-json\/wp\/v2\/media?parent=15546"}],"curies":[{"name":"wp","href":"https:\/\/api.w.org\/{rel}","templated":true}]}}